{"id":824,"date":"2023-10-14T12:33:04","date_gmt":"2023-10-14T10:33:04","guid":{"rendered":"https:\/\/www.nordic-smile.de\/?page_id=824"},"modified":"2024-01-15T18:30:16","modified_gmt":"2024-01-15T16:30:16","slug":"impressum","status":"publish","type":"page","link":"https:\/\/www.nordic-smile.de\/index.php\/impressum\/","title":{"rendered":"impressum"},"content":{"rendered":"\t\t<div data-elementor-type=\"wp-page\" data-elementor-id=\"824\" class=\"elementor elementor-824\">\n\t\t\t\t\t\t\t<div class=\"elementor-element elementor-element-f63c141 e-flex e-con-boxed e-con e-parent\" data-id=\"f63c141\" data-element_type=\"container\" data-settings=\"{&quot;content_width&quot;:&quot;boxed&quot;}\" data-core-v316-plus=\"true\">\n\t\t\t\t\t<div class=\"e-con-inner\">\n\t\t\t\t<div class=\"elementor-element elementor-element-7fb29be elementor-widget elementor-widget-text-editor\" data-id=\"7fb29be\" data-element_type=\"widget\" data-widget_type=\"text-editor.default\">\n\t\t\t\t<div class=\"elementor-widget-container\">\n\t\t\t<style>\/*! elementor - v3.16.0 - 09-10-2023 *\/\n.elementor-widget-text-editor.elementor-drop-cap-view-stacked .elementor-drop-cap{background-color:#69727d;color:#fff}.elementor-widget-text-editor.elementor-drop-cap-view-framed .elementor-drop-cap{color:#69727d;border:3px solid;background-color:transparent}.elementor-widget-text-editor:not(.elementor-drop-cap-view-default) .elementor-drop-cap{margin-top:8px}.elementor-widget-text-editor:not(.elementor-drop-cap-view-default) .elementor-drop-cap-letter{width:1em;height:1em}.elementor-widget-text-editor .elementor-drop-cap{float:left;text-align:center;line-height:1;font-size:50px}.elementor-widget-text-editor .elementor-drop-cap-letter{display:inline-block}<\/style>\t\t\t\t<table border=\"0\" width=\"100%\" cellspacing=\"2\" cellpadding=\"2\"><tbody><tr><td class=\"bullets_text1\">Impressum nach \u00a7 6 Teledienstgesetz und \u00a7 6 Teledienstgesetz<\/td><\/tr><tr><td class=\"body_text\"><p>Zahn\u00e4rztliche Gemeinschaftspraxis Sobothe<br \/>Nordic Smile GbR<br \/>Dr. med. dent. Winston Sobothe<br \/>Dr. Alexander Sobothe<br \/>Papenburgerstr. 282<br \/>26810 Westoverledingen &#8211; V\u00f6llenerk\u00f6nigsfehn<\/p><p>Telefon: (0 49 61) 94 27 72<br \/>Telefax: (0 49 61) 94 39 18 9<br \/>Mobil: 0176 &#8211; 96012271<\/p><p>E-Mail: info@nordic-smile.de<br \/>Internet: www.nordic-smile.de<\/p><p>Zust\u00e4ndige Aufsichtsbeh\u00f6rde:<br \/>Kassenzahn\u00e4rztliche Vereinigung Niedersachsen,<br \/>Zei\u00dfstr. 11, 30519 Hannover<br \/>Internet: <a class=\"b\" href=\"http:\/\/www.kzvn.de\/\" target=\"_blank\" rel=\"noopener\">www.kzvn.de<\/a><\/p><p>Zust\u00e4ndige Kammer:\u00a0<br \/>Zahn\u00e4rztekammer Niedersachsen,<br \/>G\u00f6ttinger Chaussee 82, 30459 Hannover<br \/>Internet: <a class=\"b\" href=\"http:\/\/www.zkn.de\/\" target=\"_blank\" rel=\"noopener\">www.zkn.de<\/a><\/p><p>Berufsbezeichnung:\u00a0<br \/>Zahnarzt (verliehen in der<br \/>Bundesrepublik Deutschland)<\/p><p>Berufsrechtliche Regelungen:<\/p><p>+ <a class=\"b\" href=\"https:\/\/www.zahnarzt-sobothe.de\/recht\/zahnheilkundegesetz.pdf\" target=\"_blank\" rel=\"noopener\">Zahnheilkundegesetz<\/a><br \/>+ <a class=\"b\" href=\"https:\/\/www.zahnarzt-sobothe.de\/recht\/kammergesetz.pdf\" target=\"_blank\" rel=\"noopener\"> Kammergesetz f\u00fcr die Heilberufe<\/a><br \/>+ <a class=\"b\" href=\"https:\/\/www.zahnarzt-sobothe.de\/recht\/gebuehrenordnung.pdf\" target=\"_blank\" rel=\"noopener\">Geb\u00fchrenordnung<br \/>f\u00fcr Zahn\u00e4rzte<\/a><br \/>+ <a class=\"b\" href=\"https:\/\/www.zahnarzt-sobothe.de\/recht\/berufsordnung.pdf\" target=\"_blank\" rel=\"noopener\">Berufsordnung<br \/>f\u00fcr die nieders\u00e4chsischen Zahn\u00e4rzte<br \/><\/a><\/p><p>Zum \u00d6ffnen bzw. Speichern der o. g. PDF-Dokumente ben\u00f6tigen<br \/>Sie den Adobe Acrobat Reader. Diesen erhalten Sie<br \/>kostenlos unter:<\/p><p>+ <a class=\"b\" href=\"http:\/\/www.adobe.com\/de\/products\/acrobat\/readstep2.html\" target=\"_blank\" rel=\"noopener\">http:\/\/www.adobe.com\/de\/products\/acrobat\/readstep2.html<\/a><\/p><p><a href=\"http:\/\/www.adobe.com\/de\/products\/acrobat\/readstep2.html\" target=\"_blank\" rel=\"noopener\"><img loading=\"lazy\" decoding=\"async\" src=\"https:\/\/www.zahnarzt-sobothe.de\/images\/get_adobe_reader.gif\" alt=\"Laden Sie sich mit Klick auf das Bild den kostenlosen Adobe Acrobat Reader herunter !\" width=\"112\" height=\"33\" border=\"0\" \/><\/a><\/p><p>Die Regelung findet sich im Gesetzblatt des Landes<br \/>Niedersachsen.\u00a0<\/p><p>Umsatzsteuer-Identifikationsnummer gem\u00e4\u00df \u00a7<br \/>27 a Umsatzsteuergesetz:<br \/>Nicht vorhanden<\/p><p>Haftungshinweis: Trotz sorgf\u00e4ltiger<br \/>inhaltlicher Kontrolle \u00fcbernehmen wir keine<br \/>Haftung f\u00fcr die Inhalte externer Links. F\u00fcr den<br \/>Inhalt der verlinkten Seiten sind ausschlie\u00dflich<br \/>deren Betreiber verantwortlich.<\/p><\/td><\/tr><\/tbody><\/table>\t\t\t\t\t\t<\/div>\n\t\t\t\t<\/div>\n\t\t\t\t\t<\/div>\n\t\t\t\t<\/div>\n\t\t\t\t\t\t\t<\/div>\n\t\t","protected":false},"excerpt":{"rendered":"<p>Impressum nach \u00a7 6 Teledienstgesetz und \u00a7 6 Teledienstgesetz Zahn\u00e4rztliche Gemeinschaftspraxis SobotheNordic Smile GbRDr. med. dent. Winston SobotheDr. Alexander SobothePapenburgerstr. 28226810 Westoverledingen &#8211; V\u00f6llenerk\u00f6nigsfehn Telefon: (0 49 61) 94 27 72Telefax: (0 49 61) 94 39 18 9Mobil: 0176 &#8211; 96012271 E-Mail: info@nordic-smile.deInternet: www.nordic-smile.de Zust\u00e4ndige Aufsichtsbeh\u00f6rde:Kassenzahn\u00e4rztliche Vereinigung Niedersachsen,Zei\u00dfstr. 11, 30519 HannoverInternet: www.kzvn.de Zust\u00e4ndige Kammer:\u00a0Zahn\u00e4rztekammer Niedersachsen,G\u00f6ttinger Chaussee 82, 30459 HannoverInternet: www.zkn.de&#8230;<\/p>\n","protected":false},"author":1,"featured_media":0,"parent":0,"menu_order":0,"comment_status":"closed","ping_status":"closed","template":"my-templates\/template-fullscreen.php","meta":{"footnotes":""},"class_list":["post-824","page","type-page","status-publish","hentry"],"acf":[],"_links":{"self":[{"href":"https:\/\/www.nordic-smile.de\/index.php\/wp-json\/wp\/v2\/pages\/824","targetHints":{"allow":["GET"]}}],"collection":[{"href":"https:\/\/www.nordic-smile.de\/index.php\/wp-json\/wp\/v2\/pages"}],"about":[{"href":"https:\/\/www.nordic-smile.de\/index.php\/wp-json\/wp\/v2\/types\/page"}],"author":[{"embeddable":true,"href":"https:\/\/www.nordic-smile.de\/index.php\/wp-json\/wp\/v2\/users\/1"}],"replies":[{"embeddable":true,"href":"https:\/\/www.nordic-smile.de\/index.php\/wp-json\/wp\/v2\/comments?post=824"}],"version-history":[{"count":7,"href":"https:\/\/www.nordic-smile.de\/index.php\/wp-json\/wp\/v2\/pages\/824\/revisions"}],"predecessor-version":[{"id":891,"href":"https:\/\/www.nordic-smile.de\/index.php\/wp-json\/wp\/v2\/pages\/824\/revisions\/891"}],"wp:attachment":[{"href":"https:\/\/www.nordic-smile.de\/index.php\/wp-json\/wp\/v2\/media?parent=824"}],"curies":[{"name":"wp","href":"https:\/\/api.w.org\/{rel}","templated":true}]}}